{"id":58504,"date":"2025-06-13T12:42:41","date_gmt":"2025-06-13T10:42:41","guid":{"rendered":"https:\/\/www.ranciliogroup.com\/?page_id=58504"},"modified":"2025-12-15T12:43:32","modified_gmt":"2025-12-15T11:43:32","slug":"umweltkennzeichnung","status":"publish","type":"page","link":"https:\/\/www.ranciliogroup.com\/de\/umweltkennzeichnung\/","title":{"rendered":"Umweltkennzeichnung"},"content":{"rendered":"","protected":false},"excerpt":{"rendered":"","protected":false},"author":2,"featured_media":0,"parent":0,"menu_order":0,"comment_status":"closed","ping_status":"closed","template":"views\/page-full-width.blade.php","meta":[],"acf":[],"yoast_head":"<!-- This site is optimized with the Yoast SEO plugin v21.5 - https:\/\/yoast.com\/wordpress\/plugins\/seo\/ -->\n<title>Umweltkennzeichnung - Rancilio Group<\/title>\n<meta name=\"description\" content=\"In diesem Abschnitt stellen wir eine Informationstabelle zur Umweltkennzeichnung unserer Verpackungen gem\u00e4\u00df der geltenden italienischen Gesetzgebung zur Verf\u00fcgung.\" \/>\n<meta name=\"robots\" content=\"index, follow, max-snippet:-1, max-image-preview:large, max-video-preview:-1\" \/>\n<link rel=\"canonical\" href=\"https:\/\/www.ranciliogroup.com\/de\/umweltkennzeichnung\/\" \/>\n<meta property=\"og:locale\" content=\"de_DE\" \/>\n<meta property=\"og:type\" content=\"article\" \/>\n<meta property=\"og:title\" content=\"Umweltkennzeichnung - Rancilio Group\" \/>\n<meta property=\"og:description\" content=\"In diesem Abschnitt stellen wir eine Informationstabelle zur Umweltkennzeichnung unserer Verpackungen gem\u00e4\u00df der geltenden italienischen Gesetzgebung zur Verf\u00fcgung.\" \/>\n<meta property=\"og:url\" content=\"https:\/\/www.ranciliogroup.com\/de\/umweltkennzeichnung\/\" \/>\n<meta property=\"og:site_name\" content=\"Rancilio Group\" \/>\n<meta property=\"article:publisher\" content=\"https:\/\/www.facebook.com\/RancilioGroup\" \/>\n<meta property=\"article:modified_time\" content=\"2025-12-15T11:43:32+00:00\" \/>\n<meta property=\"og:image\" content=\"https:\/\/www.ranciliogroup.com\/app\/uploads\/2019\/09\/who-we-are-ranciliogroup-2.jpg\" \/>\n\t<meta property=\"og:image:width\" content=\"1920\" \/>\n\t<meta property=\"og:image:height\" content=\"1200\" \/>\n\t<meta property=\"og:image:type\" content=\"image\/jpeg\" \/>\n<meta name=\"twitter:card\" content=\"summary_large_image\" \/>\n<meta name=\"twitter:site\" content=\"@ranciliogroup\" \/>\n<script type=\"application\/ld+json\" class=\"yoast-schema-graph\">{\"@context\":\"https:\/\/schema.org\",\"@graph\":[{\"@type\":\"WebPage\",\"@id\":\"https:\/\/www.ranciliogroup.com\/de\/umweltkennzeichnung\/\",\"url\":\"https:\/\/www.ranciliogroup.com\/de\/umweltkennzeichnung\/\",\"name\":\"Umweltkennzeichnung - Rancilio Group\",\"isPartOf\":{\"@id\":\"https:\/\/www.ranciliogroup.com\/de\/#website\"},\"datePublished\":\"2025-06-13T10:42:41+00:00\",\"dateModified\":\"2025-12-15T11:43:32+00:00\",\"description\":\"In diesem Abschnitt stellen wir eine Informationstabelle zur Umweltkennzeichnung unserer Verpackungen gem\u00e4\u00df der geltenden italienischen Gesetzgebung zur Verf\u00fcgung.\",\"breadcrumb\":{\"@id\":\"https:\/\/www.ranciliogroup.com\/de\/umweltkennzeichnung\/#breadcrumb\"},\"inLanguage\":\"de-DE\",\"potentialAction\":[{\"@type\":\"ReadAction\",\"target\":[\"https:\/\/www.ranciliogroup.com\/de\/umweltkennzeichnung\/\"]}]},{\"@type\":\"BreadcrumbList\",\"@id\":\"https:\/\/www.ranciliogroup.com\/de\/umweltkennzeichnung\/#breadcrumb\",\"itemListElement\":[{\"@type\":\"ListItem\",\"position\":1,\"name\":\"Home\",\"item\":\"https:\/\/www.ranciliogroup.com\/de\/\"},{\"@type\":\"ListItem\",\"position\":2,\"name\":\"Umweltkennzeichnung\"}]},{\"@type\":\"WebSite\",\"@id\":\"https:\/\/www.ranciliogroup.com\/de\/#website\",\"url\":\"https:\/\/www.ranciliogroup.com\/de\/\",\"name\":\"Rancilio Group\",\"description\":\"Professionelle Kaffeemaschinen Leader\",\"publisher\":{\"@id\":\"https:\/\/www.ranciliogroup.com\/de\/#organization\"},\"potentialAction\":[{\"@type\":\"SearchAction\",\"target\":{\"@type\":\"EntryPoint\",\"urlTemplate\":\"https:\/\/www.ranciliogroup.com\/de\/?s={search_term_string}\"},\"query-input\":\"required name=search_term_string\"}],\"inLanguage\":\"de-DE\"},{\"@type\":\"Organization\",\"@id\":\"https:\/\/www.ranciliogroup.com\/de\/#organization\",\"name\":\"Rancilio Group\",\"url\":\"https:\/\/www.ranciliogroup.com\/de\/\",\"logo\":{\"@type\":\"ImageObject\",\"inLanguage\":\"de-DE\",\"@id\":\"https:\/\/www.ranciliogroup.com\/de\/#\/schema\/logo\/image\/\",\"url\":\"https:\/\/www.ranciliogroup.com\/app\/uploads\/2019\/07\/rancilio_black_logo.png\",\"contentUrl\":\"https:\/\/www.ranciliogroup.com\/app\/uploads\/2019\/07\/rancilio_black_logo.png\",\"width\":447,\"height\":57,\"caption\":\"Rancilio Group\"},\"image\":{\"@id\":\"https:\/\/www.ranciliogroup.com\/de\/#\/schema\/logo\/image\/\"},\"sameAs\":[\"https:\/\/www.facebook.com\/RancilioGroup\",\"https:\/\/twitter.com\/ranciliogroup\",\"https:\/\/www.instagram.com\/rancilio_official\/\",\"https:\/\/www.linkedin.com\/company\/ranciliogroup\/\",\"https:\/\/www.youtube.com\/user\/rancilioadmin\"]}]}<\/script>\n<!-- \/ Yoast SEO plugin. -->","yoast_head_json":{"title":"Umweltkennzeichnung - Rancilio Group","description":"In diesem Abschnitt stellen wir eine Informationstabelle zur Umweltkennzeichnung unserer Verpackungen gem\u00e4\u00df der geltenden italienischen Gesetzgebung zur Verf\u00fcgung.","robots":{"index":"index","follow":"follow","max-snippet":"max-snippet:-1","max-image-preview":"max-image-preview:large","max-video-preview":"max-video-preview:-1"},"canonical":"https:\/\/www.ranciliogroup.com\/de\/umweltkennzeichnung\/","og_locale":"de_DE","og_type":"article","og_title":"Umweltkennzeichnung - Rancilio Group","og_description":"In diesem Abschnitt stellen wir eine Informationstabelle zur Umweltkennzeichnung unserer Verpackungen gem\u00e4\u00df der geltenden italienischen Gesetzgebung zur Verf\u00fcgung.","og_url":"https:\/\/www.ranciliogroup.com\/de\/umweltkennzeichnung\/","og_site_name":"Rancilio Group","article_publisher":"https:\/\/www.facebook.com\/RancilioGroup","article_modified_time":"2025-12-15T11:43:32+00:00","og_image":[{"width":1920,"height":1200,"url":"https:\/\/www.ranciliogroup.com\/app\/uploads\/2019\/09\/who-we-are-ranciliogroup-2.jpg","type":"image\/jpeg"}],"twitter_card":"summary_large_image","twitter_site":"@ranciliogroup","schema":{"@context":"https:\/\/schema.org","@graph":[{"@type":"WebPage","@id":"https:\/\/www.ranciliogroup.com\/de\/umweltkennzeichnung\/","url":"https:\/\/www.ranciliogroup.com\/de\/umweltkennzeichnung\/","name":"Umweltkennzeichnung - Rancilio Group","isPartOf":{"@id":"https:\/\/www.ranciliogroup.com\/de\/#website"},"datePublished":"2025-06-13T10:42:41+00:00","dateModified":"2025-12-15T11:43:32+00:00","description":"In diesem Abschnitt stellen wir eine Informationstabelle zur Umweltkennzeichnung unserer Verpackungen gem\u00e4\u00df der geltenden italienischen Gesetzgebung zur Verf\u00fcgung.","breadcrumb":{"@id":"https:\/\/www.ranciliogroup.com\/de\/umweltkennzeichnung\/#breadcrumb"},"inLanguage":"de-DE","potentialAction":[{"@type":"ReadAction","target":["https:\/\/www.ranciliogroup.com\/de\/umweltkennzeichnung\/"]}]},{"@type":"BreadcrumbList","@id":"https:\/\/www.ranciliogroup.com\/de\/umweltkennzeichnung\/#breadcrumb","itemListElement":[{"@type":"ListItem","position":1,"name":"Home","item":"https:\/\/www.ranciliogroup.com\/de\/"},{"@type":"ListItem","position":2,"name":"Umweltkennzeichnung"}]},{"@type":"WebSite","@id":"https:\/\/www.ranciliogroup.com\/de\/#website","url":"https:\/\/www.ranciliogroup.com\/de\/","name":"Rancilio Group","description":"Professionelle Kaffeemaschinen Leader","publisher":{"@id":"https:\/\/www.ranciliogroup.com\/de\/#organization"},"potentialAction":[{"@type":"SearchAction","target":{"@type":"EntryPoint","urlTemplate":"https:\/\/www.ranciliogroup.com\/de\/?s={search_term_string}"},"query-input":"required name=search_term_string"}],"inLanguage":"de-DE"},{"@type":"Organization","@id":"https:\/\/www.ranciliogroup.com\/de\/#organization","name":"Rancilio Group","url":"https:\/\/www.ranciliogroup.com\/de\/","logo":{"@type":"ImageObject","inLanguage":"de-DE","@id":"https:\/\/www.ranciliogroup.com\/de\/#\/schema\/logo\/image\/","url":"https:\/\/www.ranciliogroup.com\/app\/uploads\/2019\/07\/rancilio_black_logo.png","contentUrl":"https:\/\/www.ranciliogroup.com\/app\/uploads\/2019\/07\/rancilio_black_logo.png","width":447,"height":57,"caption":"Rancilio Group"},"image":{"@id":"https:\/\/www.ranciliogroup.com\/de\/#\/schema\/logo\/image\/"},"sameAs":["https:\/\/www.facebook.com\/RancilioGroup","https:\/\/twitter.com\/ranciliogroup","https:\/\/www.instagram.com\/rancilio_official\/","https:\/\/www.linkedin.com\/company\/ranciliogroup\/","https:\/\/www.youtube.com\/user\/rancilioadmin"]}]}},"_links":{"self":[{"href":"https:\/\/www.ranciliogroup.com\/de\/wp-json\/wp\/v2\/pages\/58504"}],"collection":[{"href":"https:\/\/www.ranciliogroup.com\/de\/wp-json\/wp\/v2\/pages"}],"about":[{"href":"https:\/\/www.ranciliogroup.com\/de\/wp-json\/wp\/v2\/types\/page"}],"author":[{"embeddable":true,"href":"https:\/\/www.ranciliogroup.com\/de\/wp-json\/wp\/v2\/users\/2"}],"replies":[{"embeddable":true,"href":"https:\/\/www.ranciliogroup.com\/de\/wp-json\/wp\/v2\/comments?post=58504"}],"version-history":[{"count":12,"href":"https:\/\/www.ranciliogroup.com\/de\/wp-json\/wp\/v2\/pages\/58504\/revisions"}],"predecessor-version":[{"id":81778,"href":"https:\/\/www.ranciliogroup.com\/de\/wp-json\/wp\/v2\/pages\/58504\/revisions\/81778"}],"wp:attachment":[{"href":"https:\/\/www.ranciliogroup.com\/de\/wp-json\/wp\/v2\/media?parent=58504"}],"curies":[{"name":"wp","href":"https:\/\/api.w.org\/{rel}","templated":true}]}}