{"id":76823,"date":"2024-12-03T11:04:14","date_gmt":"2024-12-03T10:04:14","guid":{"rendered":"https:\/\/www.ranciliogroup.com\/?page_id=76823"},"modified":"2024-12-03T11:04:14","modified_gmt":"2024-12-03T10:04:14","slug":"weee-3254","status":"publish","type":"page","link":"https:\/\/www.ranciliogroup.com\/fr\/weee-3254\/","title":{"rendered":"Traitement des d\u00e9chets d\u2019\u00e9quipements \u00e9lectriques et \u00e9lectroniques"},"content":{"rendered":"","protected":false},"excerpt":{"rendered":"","protected":false},"author":2,"featured_media":0,"parent":0,"menu_order":0,"comment_status":"closed","ping_status":"closed","template":"views\/page-full-width.blade.php","meta":[],"acf":[],"yoast_head":"<!-- This site is optimized with the Yoast SEO plugin v21.5 - https:\/\/yoast.com\/wordpress\/plugins\/seo\/ -->\n<title>Traitement des d\u00e9chets d\u2019\u00e9quipements \u00e9lectriques et \u00e9lectroniques - Rancilio Group<\/title>\n<meta name=\"description\" content=\"Il est essentiel d&#039;\u00e9liminer correctement les \u00e9quipements \u00e9lectriques et \u00e9lectroniques afin de r\u00e9duire l&#039;impact sur l&#039;environnement et de se conformer aux r\u00e9glementations europ\u00e9ennes et nationales.\" \/>\n<meta name=\"robots\" content=\"index, follow, max-snippet:-1, max-image-preview:large, max-video-preview:-1\" \/>\n<link rel=\"canonical\" href=\"https:\/\/www.ranciliogroup.com\/fr\/weee-3254\/\" \/>\n<meta property=\"og:locale\" content=\"fr_FR\" \/>\n<meta property=\"og:type\" content=\"article\" \/>\n<meta property=\"og:title\" content=\"Traitement des d\u00e9chets d\u2019\u00e9quipements \u00e9lectriques et \u00e9lectroniques - Rancilio Group\" \/>\n<meta property=\"og:description\" content=\"Il est essentiel d&#039;\u00e9liminer correctement les \u00e9quipements \u00e9lectriques et \u00e9lectroniques afin de r\u00e9duire l&#039;impact sur l&#039;environnement et de se conformer aux r\u00e9glementations europ\u00e9ennes et nationales.\" \/>\n<meta property=\"og:url\" content=\"https:\/\/www.ranciliogroup.com\/fr\/weee-3254\/\" \/>\n<meta property=\"og:site_name\" content=\"Rancilio Group\" \/>\n<meta property=\"article:publisher\" content=\"https:\/\/www.facebook.com\/RancilioGroup\" \/>\n<meta property=\"og:image\" content=\"https:\/\/www.ranciliogroup.com\/app\/uploads\/2019\/09\/who-we-are-ranciliogroup-2.jpg\" \/>\n\t<meta property=\"og:image:width\" content=\"1920\" \/>\n\t<meta property=\"og:image:height\" content=\"1200\" \/>\n\t<meta property=\"og:image:type\" content=\"image\/jpeg\" \/>\n<meta name=\"twitter:card\" content=\"summary_large_image\" \/>\n<meta name=\"twitter:site\" content=\"@ranciliogroup\" \/>\n<script type=\"application\/ld+json\" class=\"yoast-schema-graph\">{\"@context\":\"https:\/\/schema.org\",\"@graph\":[{\"@type\":\"WebPage\",\"@id\":\"https:\/\/www.ranciliogroup.com\/fr\/weee-3254\/\",\"url\":\"https:\/\/www.ranciliogroup.com\/fr\/weee-3254\/\",\"name\":\"Traitement des d\u00e9chets d\u2019\u00e9quipements \u00e9lectriques et \u00e9lectroniques - Rancilio Group\",\"isPartOf\":{\"@id\":\"https:\/\/www.ranciliogroup.com\/fr\/#website\"},\"datePublished\":\"2024-12-03T10:04:14+00:00\",\"dateModified\":\"2024-12-03T10:04:14+00:00\",\"description\":\"Il est essentiel d'\u00e9liminer correctement les \u00e9quipements \u00e9lectriques et \u00e9lectroniques afin de r\u00e9duire l'impact sur l'environnement et de se conformer aux r\u00e9glementations europ\u00e9ennes et nationales.\",\"breadcrumb\":{\"@id\":\"https:\/\/www.ranciliogroup.com\/fr\/weee-3254\/#breadcrumb\"},\"inLanguage\":\"fr-FR\",\"potentialAction\":[{\"@type\":\"ReadAction\",\"target\":[\"https:\/\/www.ranciliogroup.com\/fr\/weee-3254\/\"]}]},{\"@type\":\"BreadcrumbList\",\"@id\":\"https:\/\/www.ranciliogroup.com\/fr\/weee-3254\/#breadcrumb\",\"itemListElement\":[{\"@type\":\"ListItem\",\"position\":1,\"name\":\"Home\",\"item\":\"https:\/\/www.ranciliogroup.com\/fr\/\"},{\"@type\":\"ListItem\",\"position\":2,\"name\":\"Traitement des d\u00e9chets d\u2019\u00e9quipements \u00e9lectriques et \u00e9lectroniques\"}]},{\"@type\":\"WebSite\",\"@id\":\"https:\/\/www.ranciliogroup.com\/fr\/#website\",\"url\":\"https:\/\/www.ranciliogroup.com\/fr\/\",\"name\":\"Rancilio Group\",\"description\":\"Leader des machines \u00e0 caf\u00e9 professionnelles\",\"publisher\":{\"@id\":\"https:\/\/www.ranciliogroup.com\/fr\/#organization\"},\"potentialAction\":[{\"@type\":\"SearchAction\",\"target\":{\"@type\":\"EntryPoint\",\"urlTemplate\":\"https:\/\/www.ranciliogroup.com\/fr\/?s={search_term_string}\"},\"query-input\":\"required name=search_term_string\"}],\"inLanguage\":\"fr-FR\"},{\"@type\":\"Organization\",\"@id\":\"https:\/\/www.ranciliogroup.com\/fr\/#organization\",\"name\":\"Rancilio Group\",\"url\":\"https:\/\/www.ranciliogroup.com\/fr\/\",\"logo\":{\"@type\":\"ImageObject\",\"inLanguage\":\"fr-FR\",\"@id\":\"https:\/\/www.ranciliogroup.com\/fr\/#\/schema\/logo\/image\/\",\"url\":\"https:\/\/www.ranciliogroup.com\/app\/uploads\/2019\/07\/rancilio_black_logo.png\",\"contentUrl\":\"https:\/\/www.ranciliogroup.com\/app\/uploads\/2019\/07\/rancilio_black_logo.png\",\"width\":447,\"height\":57,\"caption\":\"Rancilio Group\"},\"image\":{\"@id\":\"https:\/\/www.ranciliogroup.com\/fr\/#\/schema\/logo\/image\/\"},\"sameAs\":[\"https:\/\/www.facebook.com\/RancilioGroup\",\"https:\/\/twitter.com\/ranciliogroup\",\"https:\/\/www.instagram.com\/rancilio_official\/\",\"https:\/\/www.linkedin.com\/company\/ranciliogroup\/\",\"https:\/\/www.youtube.com\/user\/rancilioadmin\"]}]}<\/script>\n<!-- \/ Yoast SEO plugin. -->","yoast_head_json":{"title":"Traitement des d\u00e9chets d\u2019\u00e9quipements \u00e9lectriques et \u00e9lectroniques - Rancilio Group","description":"Il est essentiel d'\u00e9liminer correctement les \u00e9quipements \u00e9lectriques et \u00e9lectroniques afin de r\u00e9duire l'impact sur l'environnement et de se conformer aux r\u00e9glementations europ\u00e9ennes et nationales.","robots":{"index":"index","follow":"follow","max-snippet":"max-snippet:-1","max-image-preview":"max-image-preview:large","max-video-preview":"max-video-preview:-1"},"canonical":"https:\/\/www.ranciliogroup.com\/fr\/weee-3254\/","og_locale":"fr_FR","og_type":"article","og_title":"Traitement des d\u00e9chets d\u2019\u00e9quipements \u00e9lectriques et \u00e9lectroniques - Rancilio Group","og_description":"Il est essentiel d'\u00e9liminer correctement les \u00e9quipements \u00e9lectriques et \u00e9lectroniques afin de r\u00e9duire l'impact sur l'environnement et de se conformer aux r\u00e9glementations europ\u00e9ennes et nationales.","og_url":"https:\/\/www.ranciliogroup.com\/fr\/weee-3254\/","og_site_name":"Rancilio Group","article_publisher":"https:\/\/www.facebook.com\/RancilioGroup","og_image":[{"width":1920,"height":1200,"url":"https:\/\/www.ranciliogroup.com\/app\/uploads\/2019\/09\/who-we-are-ranciliogroup-2.jpg","type":"image\/jpeg"}],"twitter_card":"summary_large_image","twitter_site":"@ranciliogroup","schema":{"@context":"https:\/\/schema.org","@graph":[{"@type":"WebPage","@id":"https:\/\/www.ranciliogroup.com\/fr\/weee-3254\/","url":"https:\/\/www.ranciliogroup.com\/fr\/weee-3254\/","name":"Traitement des d\u00e9chets d\u2019\u00e9quipements \u00e9lectriques et \u00e9lectroniques - Rancilio Group","isPartOf":{"@id":"https:\/\/www.ranciliogroup.com\/fr\/#website"},"datePublished":"2024-12-03T10:04:14+00:00","dateModified":"2024-12-03T10:04:14+00:00","description":"Il est essentiel d'\u00e9liminer correctement les \u00e9quipements \u00e9lectriques et \u00e9lectroniques afin de r\u00e9duire l'impact sur l'environnement et de se conformer aux r\u00e9glementations europ\u00e9ennes et nationales.","breadcrumb":{"@id":"https:\/\/www.ranciliogroup.com\/fr\/weee-3254\/#breadcrumb"},"inLanguage":"fr-FR","potentialAction":[{"@type":"ReadAction","target":["https:\/\/www.ranciliogroup.com\/fr\/weee-3254\/"]}]},{"@type":"BreadcrumbList","@id":"https:\/\/www.ranciliogroup.com\/fr\/weee-3254\/#breadcrumb","itemListElement":[{"@type":"ListItem","position":1,"name":"Home","item":"https:\/\/www.ranciliogroup.com\/fr\/"},{"@type":"ListItem","position":2,"name":"Traitement des d\u00e9chets d\u2019\u00e9quipements \u00e9lectriques et \u00e9lectroniques"}]},{"@type":"WebSite","@id":"https:\/\/www.ranciliogroup.com\/fr\/#website","url":"https:\/\/www.ranciliogroup.com\/fr\/","name":"Rancilio Group","description":"Leader des machines \u00e0 caf\u00e9 professionnelles","publisher":{"@id":"https:\/\/www.ranciliogroup.com\/fr\/#organization"},"potentialAction":[{"@type":"SearchAction","target":{"@type":"EntryPoint","urlTemplate":"https:\/\/www.ranciliogroup.com\/fr\/?s={search_term_string}"},"query-input":"required name=search_term_string"}],"inLanguage":"fr-FR"},{"@type":"Organization","@id":"https:\/\/www.ranciliogroup.com\/fr\/#organization","name":"Rancilio Group","url":"https:\/\/www.ranciliogroup.com\/fr\/","logo":{"@type":"ImageObject","inLanguage":"fr-FR","@id":"https:\/\/www.ranciliogroup.com\/fr\/#\/schema\/logo\/image\/","url":"https:\/\/www.ranciliogroup.com\/app\/uploads\/2019\/07\/rancilio_black_logo.png","contentUrl":"https:\/\/www.ranciliogroup.com\/app\/uploads\/2019\/07\/rancilio_black_logo.png","width":447,"height":57,"caption":"Rancilio Group"},"image":{"@id":"https:\/\/www.ranciliogroup.com\/fr\/#\/schema\/logo\/image\/"},"sameAs":["https:\/\/www.facebook.com\/RancilioGroup","https:\/\/twitter.com\/ranciliogroup","https:\/\/www.instagram.com\/rancilio_official\/","https:\/\/www.linkedin.com\/company\/ranciliogroup\/","https:\/\/www.youtube.com\/user\/rancilioadmin"]}]}},"_links":{"self":[{"href":"https:\/\/www.ranciliogroup.com\/fr\/wp-json\/wp\/v2\/pages\/76823"}],"collection":[{"href":"https:\/\/www.ranciliogroup.com\/fr\/wp-json\/wp\/v2\/pages"}],"about":[{"href":"https:\/\/www.ranciliogroup.com\/fr\/wp-json\/wp\/v2\/types\/page"}],"author":[{"embeddable":true,"href":"https:\/\/www.ranciliogroup.com\/fr\/wp-json\/wp\/v2\/users\/2"}],"replies":[{"embeddable":true,"href":"https:\/\/www.ranciliogroup.com\/fr\/wp-json\/wp\/v2\/comments?post=76823"}],"version-history":[{"count":2,"href":"https:\/\/www.ranciliogroup.com\/fr\/wp-json\/wp\/v2\/pages\/76823\/revisions"}],"predecessor-version":[{"id":76998,"href":"https:\/\/www.ranciliogroup.com\/fr\/wp-json\/wp\/v2\/pages\/76823\/revisions\/76998"}],"wp:attachment":[{"href":"https:\/\/www.ranciliogroup.com\/fr\/wp-json\/wp\/v2\/media?parent=76823"}],"curies":[{"name":"wp","href":"https:\/\/api.w.org\/{rel}","templated":true}]}}